{"id":124,"date":"2016-12-15T19:12:33","date_gmt":"2016-12-15T18:12:33","guid":{"rendered":"http:\/\/eiram-gite.ovh\/?page_id=124"},"modified":"2024-11-13T09:45:14","modified_gmt":"2024-11-13T08:45:14","slug":"fiche-descriptive-et-tarifs","status":"publish","type":"page","link":"https:\/\/eiram-gite.ovh\/index.php\/fiche-descriptive-et-tarifs\/","title":{"rendered":"Fiche descriptive et tarifs"},"content":{"rendered":"<div>\n<div>\n<p><img decoding=\"async\" loading=\"lazy\" class=\"aligncenter wp-image-126 size-large\" src=\"https:\/\/eiram-gite.ovh\/wp-content\/uploads\/2016\/12\/DSC06703-1-1024x768.jpg\" width=\"640\" height=\"480\" srcset=\"https:\/\/eiram-gite.ovh\/wp-content\/uploads\/2016\/12\/DSC06703-1-1024x768.jpg 1024w, https:\/\/eiram-gite.ovh\/wp-content\/uploads\/2016\/12\/DSC06703-1-300x225.jpg 300w, https:\/\/eiram-gite.ovh\/wp-content\/uploads\/2016\/12\/DSC06703-1-768x576.jpg 768w, https:\/\/eiram-gite.ovh\/wp-content\/uploads\/2016\/12\/DSC06703-1.jpg 2048w\" sizes=\"(max-width: 640px) 100vw, 640px\" \/><\/p>\n<ul>\n<li><em>Num\u00e9ro d\u2019agr\u00e9ment \u00a002502025-53321-0083<\/em><\/li>\n<li><em>Classement :<\/em> meubl\u00e9 tourisme **<\/li>\n<li><em>Surface :<\/em> 96 m\u00b2<\/li>\n<li><em>Capacit\u00e9 d&rsquo;accueil :<\/em> 6 personnes<\/li>\n<li><em>Type d&rsquo;habitation :<\/em> maison mitoyenne , entr\u00e9e ind\u00e9pendante par escaliers ext\u00e9rieurs<\/li>\n<\/ul>\n<\/div>\n<h3><strong>Description:<\/strong><\/h3>\n<div>\u00a0<\/div>\n<\/div>\n<ul>\n<li><em>Pi\u00e8ces :<\/em> cuisine\/s\u00e9jour\/salon; douche ; wc s\u00e9par\u00e9s ; 3 chambres ; 2 lits 2 personnes ;\u00a0 3 lits 1 personne dont 1 lit d&rsquo;appoint.<\/li>\n<li><em>\u00c9quipements int\u00e9rieurs :<\/em> po\u00eale d&rsquo;appoint ; salon TV; lave vaisselle ; micro-onde ; four ; frigo ; lave-linge ; mat\u00e9riel pour b\u00e9b\u00e9 (lit pliant, parc).<\/li>\n<li><em>Type chauffage :<\/em> bois (non compris); \u00e9lectricit\u00e9 (compris).<\/li>\n<li>Parking priv\u00e9 ; local \u00e0 v\u00e9los.<\/li>\n<li><em>Ext\u00e9rieur :<\/em>\u00a0 terrasse ; jardin partag\u00e9.<\/li>\n<li><em>\u00c9quipements jardin :<\/em> barbecue ; salon de jardin ; chaises longues.<\/li>\n<li><em>Animaux admis :<\/em> OUI.<\/li>\n<\/ul>\n<h3><strong> Tarifs: <\/strong><\/h3>\n<ul>\n<li>week-end (2 nuits minimum) :\u00a0\u00a0 \u00e9t\u00e9 : 150 \u20ac \u00a0\u00a0 hiver : 160 \u20ac<\/li>\n<li>semaine :\u00a0\u00a0\u00a0\u00a0\u00a0\u00a0\u00a0 basse saison : 350 \u20ac \u00a0 \u00a0 \u00a0 \u00a0 \u00a0 \u00a0 \u00a0 \u00a0\u00a0\u00a0 haute saison (Juillet-Ao\u00fbt) : 430 \u20ac<\/li>\n<li>forfait m\u00e9nage : 60 \u20ac<\/li>\n<li>d\u00e9p\u00f4t de garantie : 300 \u20ac ; caution 50 \u20ac\/animal<\/li>\n<\/ul>\n<p>La taxe de s\u00e9jour est \u00e0 r\u00e9gler au propri\u00e9taire (r\u00e8glement affich\u00e9).<\/p>\n<p>Moyens de paiement : ch\u00e8ques\/esp\u00e8ces<\/p>\n<p>Optionnel : linge de toilette (5\u20ac\/pers); draps (10\u20ac par lit); lits faits \u00e0 l&rsquo;arriv\u00e9e (sur demande); chaise haute b\u00e9b\u00e9 ( 10\u20ac);\u00a0 panier bois (5\u20ac).<\/p>\n\n\n<p><\/p>\n","protected":false},"excerpt":{"rendered":"<p>Num\u00e9ro d\u2019agr\u00e9ment \u00a002502025-53321-0083 Classement : meubl\u00e9 tourisme ** Surface : 96 m\u00b2 Capacit\u00e9 d&rsquo;accueil : 6 personnes Type d&rsquo;habitation : maison mitoyenne , entr\u00e9e ind\u00e9pendante par escaliers ext\u00e9rieurs Description: \u00a0 Pi\u00e8ces : cuisine\/s\u00e9jour\/salon; douche ; wc s\u00e9par\u00e9s ; 3 chambres &hellip; <a href=\"https:\/\/eiram-gite.ovh\/index.php\/fiche-descriptive-et-tarifs\/\">Continuer la lecture <span class=\"meta-nav\">&rarr;<\/span><\/a><\/p>\n","protected":false},"author":1,"featured_media":0,"parent":0,"menu_order":4,"comment_status":"closed","ping_status":"closed","template":"","meta":[],"_links":{"self":[{"href":"https:\/\/eiram-gite.ovh\/index.php\/wp-json\/wp\/v2\/pages\/124"}],"collection":[{"href":"https:\/\/eiram-gite.ovh\/index.php\/wp-json\/wp\/v2\/pages"}],"about":[{"href":"https:\/\/eiram-gite.ovh\/index.php\/wp-json\/wp\/v2\/types\/page"}],"author":[{"embeddable":true,"href":"https:\/\/eiram-gite.ovh\/index.php\/wp-json\/wp\/v2\/users\/1"}],"replies":[{"embeddable":true,"href":"https:\/\/eiram-gite.ovh\/index.php\/wp-json\/wp\/v2\/comments?post=124"}],"version-history":[{"count":1,"href":"https:\/\/eiram-gite.ovh\/index.php\/wp-json\/wp\/v2\/pages\/124\/revisions"}],"predecessor-version":[{"id":460,"href":"https:\/\/eiram-gite.ovh\/index.php\/wp-json\/wp\/v2\/pages\/124\/revisions\/460"}],"wp:attachment":[{"href":"https:\/\/eiram-gite.ovh\/index.php\/wp-json\/wp\/v2\/media?parent=124"}],"curies":[{"name":"wp","href":"https:\/\/api.w.org\/{rel}","templated":true}]}}