{"id":2,"date":"2016-12-01T15:43:02","date_gmt":"2016-12-01T14:43:02","guid":{"rendered":"http:\/\/eiram-gite.ovh\/?page_id=2"},"modified":"2022-11-07T19:11:34","modified_gmt":"2022-11-07T18:11:34","slug":"page-d-exemple","status":"publish","type":"page","link":"https:\/\/eiram-gite.ovh\/","title":{"rendered":"Accueil"},"content":{"rendered":"<p><img decoding=\"async\" loading=\"lazy\" class=\"alignright wp-image-192\" src=\"https:\/\/eiram-gite.ovh\/wp-content\/uploads\/2016\/12\/icones_03130-150x150.png\" alt=\"\" width=\"38\" height=\"38\" srcset=\"https:\/\/eiram-gite.ovh\/wp-content\/uploads\/2016\/12\/icones_03130-150x150.png 150w, https:\/\/eiram-gite.ovh\/wp-content\/uploads\/2016\/12\/icones_03130.png 256w\" sizes=\"(max-width: 38px) 100vw, 38px\" \/><img decoding=\"async\" loading=\"lazy\" class=\"size-thumbnail wp-image-138 alignleft\" src=\"https:\/\/eiram-gite.ovh\/wp-content\/uploads\/2016\/12\/1adda730-150x150.jpg\" alt=\"\" width=\"150\" height=\"150\" \/><\/p>\n<p><span class=\"text_1chds16-o_O-size_reduced_1upqmbv-o_O-weight_light_1jo1qff-o_O-inline_10f0ge3\" data-reactid=\".15x0kl2fi80.0.0.0.0.3.d.1.1.0.0.0:0:$5.0.1.$0.0\"><span data-reactid=\".15x0kl2fi80.0.0.0.0.3.d.1.1.0.0.0:0:$5.0.1.$0.0.1:$0\">\u00a0 <\/span><\/span><span class=\"text_1chds16-o_O-size_reduced_1upqmbv-o_O-weight_light_1jo1qff-o_O-inline_10f0ge3\" data-reactid=\".15x0kl2fi80.0.0.0.0.3.d.1.1.0.0.0:0:$5.0.1.$0.0\"><span data-reactid=\".15x0kl2fi80.0.0.0.0.3.d.1.1.0.0.0:0:$5.0.1.$0.0.1:$0\">\u00a0\u00a0 Nich\u00e9 dans la vall\u00e9e du Lison,<\/span><\/span><span class=\"text_1chds16-o_O-size_reduced_1upqmbv-o_O-weight_light_1jo1qff-o_O-inline_10f0ge3\" data-reactid=\".15x0kl2fi80.0.0.0.0.3.d.1.1.0.0.0:0:$5.0.1.$0.0\"><span data-reactid=\".15x0kl2fi80.0.0.0.0.3.d.1.1.0.0.0:0:$5.0.1.$0.0.1:$0\"> vall\u00e9e <\/span><\/span><span class=\"text_1chds16-o_O-size_reduced_1upqmbv-o_O-weight_light_1jo1qff-o_O-inline_10f0ge3\" data-reactid=\".15x0kl2fi80.0.0.0.0.3.d.1.1.0.0.0:0:$5.0.1.$0.0\"><span data-reactid=\".15x0kl2fi80.0.0.0.0.3.d.1.1.0.0.0:0:$5.0.1.$0.0.1:$0\">sauvage et si authentique, l<\/span><\/span><span class=\"text_1chds16-o_O-size_reduced_1upqmbv-o_O-weight_light_1jo1qff-o_O-inline_10f0ge3\" data-reactid=\".15x0kl2fi80.0.0.0.0.3.d.1.1.0.0.0:0:$5.0.1.$0.0\"><span data-reactid=\".15x0kl2fi80.0.0.0.0.3.d.1.1.0.0.0:0:$5.0.1.$0.0.1:$0\">e<\/span><\/span><span class=\"text_1chds16-o_O-size_reduced_1upqmbv-o_O-weight_light_1jo1qff-o_O-inline_10f0ge3\" data-reactid=\".15x0kl2fi80.0.0.0.0.3.d.1.1.0.0.0:0:$5.0.1.$0.0\"><span data-reactid=\".15x0kl2fi80.0.0.0.0.3.d.1.1.0.0.0:0:$5.0.1.$0.0.1:$0\"> g\u00eete vous offre un<\/span><\/span><span class=\"text_1chds16-o_O-size_reduced_1upqmbv-o_O-weight_light_1jo1qff-o_O-inline_10f0ge3\" data-reactid=\".15x0kl2fi80.0.0.0.0.3.d.1.1.0.0.0:0:$5.0.1.$0.0\"><span data-reactid=\".15x0kl2fi80.0.0.0.0.3.d.1.1.0.0.0:0:$5.0.1.$0.0.1:$0\"> cadre de <\/span><\/span><span class=\"text_1chds16-o_O-size_reduced_1upqmbv-o_O-weight_light_1jo1qff-o_O-inline_10f0ge3\" data-reactid=\".15x0kl2fi80.0.0.0.0.3.d.1.1.0.0.0:0:$5.0.1.$0.0\"><span data-reactid=\".15x0kl2fi80.0.0.0.0.3.d.1.1.0.0.0:0:$5.0.1.$0.0.1:$0\">tranquillit\u00e9.<\/span><\/span><span class=\"text_1chds16-o_O-size_reduced_1upqmbv-o_O-weight_light_1jo1qff-o_O-inline_10f0ge3\" data-reactid=\".15x0kl2fi80.0.0.0.0.3.d.1.1.0.0.0:0:$5.0.1.$0.0\"><span data-reactid=\".15x0kl2fi80.0.0.0.0.3.d.1.1.0.0.0:0:$5.0.1.$0.0.1:$0\">\u00a0\u00a0\u00a0<\/span><\/span><\/p>\n<p><span class=\"text_1chds16-o_O-size_reduced_1upqmbv-o_O-weight_light_1jo1qff-o_O-inline_10f0ge3\" data-reactid=\".15x0kl2fi80.0.0.0.0.3.d.1.1.0.0.0:0:$5.0.1.$0.0\"><span data-reactid=\".15x0kl2fi80.0.0.0.0.3.d.1.1.0.0.0:0:$5.0.1.$0.0.1:$0\">\u00a0\u00a0<\/span><\/span><\/p>\n<p><span class=\"text_1chds16-o_O-size_reduced_1upqmbv-o_O-weight_light_1jo1qff-o_O-inline_10f0ge3\" data-reactid=\".15x0kl2fi80.0.0.0.0.3.d.1.1.0.0.0:0:$5.0.1.$0.0\"><span data-reactid=\".15x0kl2fi80.0.0.0.0.3.d.1.1.0.0.0:0:$5.0.1.$0.0.1:$0\">\u00a0\u00a0\u00a0\u00a0\u00a0\u00a0\u00a0\u00a0\u00a0\u00a0\u00a0\u00a0\u00a0\u00a0\u00a0\u00a0\u00a0\u00a0\u00a0 <\/span><\/span><\/p>\n<p><span class=\"text_1chds16-o_O-size_reduced_1upqmbv-o_O-weight_light_1jo1qff-o_O-inline_10f0ge3\" data-reactid=\".15x0kl2fi80.0.0.0.0.3.d.1.1.0.0.0:0:$5.0.1.$0.0\"><span data-reactid=\".15x0kl2fi80.0.0.0.0.3.d.1.1.0.0.0:0:$5.0.1.$0.0.1:$0\">\u00a0 \u00a0 \u00a0 D\u00e9paysement garanti pour les amoureux de la nature ( belv\u00e9d\u00e8res, cascades, recul\u00e9es&#8230;) sans oublier les nombreux sentiers de randonn\u00e9es (GR). <\/span><\/span><\/p>\n<p>\u00a0<\/p>\n<p><span class=\"text_1chds16-o_O-size_reduced_1upqmbv-o_O-weight_light_1jo1qff-o_O-inline_10f0ge3\" data-reactid=\".15x0kl2fi80.0.0.0.0.3.d.1.1.0.0.0:0:$5.0.1.$0.0\"><span data-reactid=\".15x0kl2fi80.0.0.0.0.3.d.1.1.0.0.0:0:$5.0.1.$0.0.1:$0\">\u00a0\u00a0\u00a0\u00a0 <\/span><\/span><span class=\"text_1chds16-o_O-size_reduced_1upqmbv-o_O-weight_light_1jo1qff-o_O-inline_10f0ge3\" data-reactid=\".15x0kl2fi80.0.0.0.0.3.d.1.1.0.0.0:0:$5.0.1.$0.0\"><span data-reactid=\".15x0kl2fi80.0.0.0.0.3.d.1.1.0.0.0:0:$5.0.1.$0.0.1:$0\"><img decoding=\"async\" loading=\"lazy\" class=\" wp-image-74 alignleft\" src=\"https:\/\/eiram-gite.ovh\/wp-content\/uploads\/2016\/12\/DSC06704-300x225.jpg\" alt=\"\" width=\"262\" height=\"196\" \/><\/span><\/span><\/p>\n<p>Ce g\u00eete vous accueille dans son nid douillet alliant charme d\u2019autrefois et confort d\u2019aujourd\u2019hui.<\/p>\n<p><span data-reactid=\"16\"><em>\u00ab\u00a0Ce ne sont pas les pierres qui b\u00e2tissent la maison, ce sont les h\u00f4tes\u00a0\u00bb<\/em>\u00a0\u00a0 Proverbe indien<\/span><\/p>\n\n\n<figure class=\"wp-block-gallery has-nested-images columns-default is-cropped wp-block-gallery-1 is-layout-flex\">\n<figure class=\"wp-block-image size-large\"><img decoding=\"async\" loading=\"lazy\" width=\"1024\" height=\"768\" data-id=\"277\"  src=\"https:\/\/eiram-gite.ovh\/wp-content\/uploads\/2022\/03\/7CA2419B-17BB-4AB1-9DBF-C1E853518660-1024x768.jpeg\" alt=\"\" class=\"wp-image-277\" srcset=\"https:\/\/eiram-gite.ovh\/wp-content\/uploads\/2022\/03\/7CA2419B-17BB-4AB1-9DBF-C1E853518660-1024x768.jpeg 1024w, https:\/\/eiram-gite.ovh\/wp-content\/uploads\/2022\/03\/7CA2419B-17BB-4AB1-9DBF-C1E853518660-300x225.jpeg 300w, https:\/\/eiram-gite.ovh\/wp-content\/uploads\/2022\/03\/7CA2419B-17BB-4AB1-9DBF-C1E853518660-768x576.jpeg 768w, https:\/\/eiram-gite.ovh\/wp-content\/uploads\/2022\/03\/7CA2419B-17BB-4AB1-9DBF-C1E853518660-1536x1152.jpeg 1536w, https:\/\/eiram-gite.ovh\/wp-content\/uploads\/2022\/03\/7CA2419B-17BB-4AB1-9DBF-C1E853518660-2048x1536.jpeg 2048w\" sizes=\"(max-width: 1024px) 100vw, 1024px\" \/><\/figure>\n<\/figure>\n\n\n\n<figure class=\"wp-block-image size-full\"><img decoding=\"async\" loading=\"lazy\" width=\"420\" height=\"560\" src=\"https:\/\/eiram-gite.ovh\/wp-content\/uploads\/2016\/12\/0274894564.jpg\" alt=\"\" class=\"wp-image-122\" srcset=\"https:\/\/eiram-gite.ovh\/wp-content\/uploads\/2016\/12\/0274894564.jpg 420w, https:\/\/eiram-gite.ovh\/wp-content\/uploads\/2016\/12\/0274894564-225x300.jpg 225w\" sizes=\"(max-width: 420px) 100vw, 420px\" \/><\/figure>\n","protected":false},"excerpt":{"rendered":"<p>\u00a0 \u00a0\u00a0 Nich\u00e9 dans la vall\u00e9e du Lison, vall\u00e9e sauvage et si authentique, le g\u00eete vous offre un cadre de tranquillit\u00e9.\u00a0\u00a0\u00a0 \u00a0\u00a0 \u00a0\u00a0\u00a0\u00a0\u00a0\u00a0\u00a0\u00a0\u00a0\u00a0\u00a0\u00a0\u00a0\u00a0\u00a0\u00a0\u00a0\u00a0\u00a0 \u00a0 \u00a0 \u00a0 D\u00e9paysement garanti pour les amoureux de la nature ( belv\u00e9d\u00e8res, cascades, recul\u00e9es&#8230;) sans oublier &hellip; <a href=\"https:\/\/eiram-gite.ovh\/\">Continuer la lecture <span class=\"meta-nav\">&rarr;<\/span><\/a><\/p>\n","protected":false},"author":1,"featured_media":0,"parent":0,"menu_order":1,"comment_status":"closed","ping_status":"closed","template":"","meta":[],"_links":{"self":[{"href":"https:\/\/eiram-gite.ovh\/index.php\/wp-json\/wp\/v2\/pages\/2"}],"collection":[{"href":"https:\/\/eiram-gite.ovh\/index.php\/wp-json\/wp\/v2\/pages"}],"about":[{"href":"https:\/\/eiram-gite.ovh\/index.php\/wp-json\/wp\/v2\/types\/page"}],"author":[{"embeddable":true,"href":"https:\/\/eiram-gite.ovh\/index.php\/wp-json\/wp\/v2\/users\/1"}],"replies":[{"embeddable":true,"href":"https:\/\/eiram-gite.ovh\/index.php\/wp-json\/wp\/v2\/comments?post=2"}],"version-history":[{"count":0,"href":"https:\/\/eiram-gite.ovh\/index.php\/wp-json\/wp\/v2\/pages\/2\/revisions"}],"wp:attachment":[{"href":"https:\/\/eiram-gite.ovh\/index.php\/wp-json\/wp\/v2\/media?parent=2"}],"curies":[{"name":"wp","href":"https:\/\/api.w.org\/{rel}","templated":true}]}}