{"id":339,"date":"2022-11-06T17:38:03","date_gmt":"2022-11-06T16:38:03","guid":{"rendered":"https:\/\/eiram-gite.ovh\/?page_id=339"},"modified":"2024-04-24T15:23:04","modified_gmt":"2024-04-24T13:23:04","slug":"339-2","status":"publish","type":"page","link":"https:\/\/eiram-gite.ovh\/index.php\/339-2\/","title":{"rendered":"Contact"},"content":{"rendered":"\n<p><\/p>\n\n\n\n\n\n<p>Nous vous invitons \u00e0 prendre contact au :<\/p>\n\n\n\n<p>(+33) 6 85 83 43 28<\/p>\n\n\n\n<p>Merci de nous pr\u00e9ciser vos souhaits de s\u00e9jour !<\/p>\n\n\n\n<p>Nous nous mettrons prochainement en rapport  avec vous .<\/p>\n\n\n\n<p><\/p>\n\n\n\n<p><\/p>\n","protected":false},"excerpt":{"rendered":"<p>Nous vous invitons \u00e0 prendre contact au : (+33) 6 85 83 43 28 Merci de nous pr\u00e9ciser vos souhaits de s\u00e9jour ! Nous nous mettrons prochainement en rapport avec vous .<\/p>\n","protected":false},"author":1,"featured_media":0,"parent":0,"menu_order":0,"comment_status":"closed","ping_status":"closed","template":"","meta":[],"_links":{"self":[{"href":"https:\/\/eiram-gite.ovh\/index.php\/wp-json\/wp\/v2\/pages\/339"}],"collection":[{"href":"https:\/\/eiram-gite.ovh\/index.php\/wp-json\/wp\/v2\/pages"}],"about":[{"href":"https:\/\/eiram-gite.ovh\/index.php\/wp-json\/wp\/v2\/types\/page"}],"author":[{"embeddable":true,"href":"https:\/\/eiram-gite.ovh\/index.php\/wp-json\/wp\/v2\/users\/1"}],"replies":[{"embeddable":true,"href":"https:\/\/eiram-gite.ovh\/index.php\/wp-json\/wp\/v2\/comments?post=339"}],"version-history":[{"count":12,"href":"https:\/\/eiram-gite.ovh\/index.php\/wp-json\/wp\/v2\/pages\/339\/revisions"}],"predecessor-version":[{"id":433,"href":"https:\/\/eiram-gite.ovh\/index.php\/wp-json\/wp\/v2\/pages\/339\/revisions\/433"}],"wp:attachment":[{"href":"https:\/\/eiram-gite.ovh\/index.php\/wp-json\/wp\/v2\/media?parent=339"}],"curies":[{"name":"wp","href":"https:\/\/api.w.org\/{rel}","templated":true}]}}